{"id":65,"date":"2023-03-12T08:49:09","date_gmt":"2023-03-12T08:49:09","guid":{"rendered":"https:\/\/ordainit.com\/wp-theme\/sorex\/?page_id=65"},"modified":"2025-10-24T06:12:13","modified_gmt":"2025-10-24T06:12:13","slug":"contact","status":"publish","type":"page","link":"https:\/\/arial.yellowpoint-ad.com\/ar\/contact\/","title":{"rendered":"\u0625\u062a\u0635\u0644 \u0628\u0646\u0627"},"content":{"rendered":"<div data-elementor-type=\"wp-page\" data-elementor-id=\"65\" class=\"elementor elementor-65\">\n\t\t\t\t\t\t<section class=\"elementor-section elementor-top-section elementor-element elementor-element-b51d21b elementor-section-stretched elementor-section-boxed elementor-section-height-default elementor-section-height-default\" data-id=\"b51d21b\" data-element_type=\"section\" data-settings=\"{&quot;stretch_section&quot;:&quot;section-stretched&quot;}\">\n\t\t\t\t\t\t<div class=\"elementor-container elementor-column-gap-default\">\n\t\t\t\t\t<div class=\"elementor-column elementor-col-50 elementor-top-column elementor-element elementor-element-5eceea8 contact-us-form\" data-id=\"5eceea8\" data-element_type=\"column\">\n\t\t\t<div class=\"elementor-widget-wrap elementor-element-populated\">\n\t\t\t\t\t\t<div class=\"elementor-element elementor-element-f94d94a elementor-widget elementor-widget-bizmax-section-title\" data-id=\"f94d94a\" data-element_type=\"widget\" data-widget_type=\"bizmax-section-title.default\">\n\t\t\t\t<div class=\"elementor-widget-container\">\n\t\t\t\t\t\r\r\n\t\t\t<div class=\"cs_section_heading cs_style_1 d-flex align-items-center text-left\">\r\r\n                <div class=\"cs_section_heading_in\">\r\r\n                  <h3 class=\"cs_fs_20 cs_fs_lg_18 text-accent fw-normal cs_lh_base cs_mb_10 wow fadeInLeft\" data-wow-duration=\"0.8s\" data-wow-delay=\"0.2s\"  style=\"color:#18191d\">Have any question?<\/h3>\r\r\n                  <h2 class=\"section-title-heading  cs_fs_48 cs_fs_lg_36 cs_mb_20\"  style=\"color:#18191d\">Write a Message<\/h2>\r\r\n\t\t\t\t  <div class=\"cs_section_text m-0\" style=\"color:#666\"><\/div>\r\r\n                <\/div>\r\r\n            <\/div>\r\r\n\t\t\t\t\t\t\t<\/div>\n\t\t\t\t<\/div>\n\t\t\t\t<div class=\"elementor-element elementor-element-ce4dbd5 elementor-widget elementor-widget-xa-contact-form\" data-id=\"ce4dbd5\" data-element_type=\"widget\" data-widget_type=\"xa-contact-form.default\">\n\t\t\t\t<div class=\"elementor-widget-container\">\n\t\t\t\t\t<div class=\"\">\r\n\t\t\t<div class=\"xa-contact-form__body\">\n<div class=\"wpcf7 no-js\" id=\"wpcf7-f4665-o1\" lang=\"en-US\" dir=\"ltr\" data-wpcf7-id=\"4665\">\n<div class=\"screen-reader-response\"><p role=\"status\" aria-live=\"polite\" aria-atomic=\"true\"><\/p> <ul><\/ul><\/div>\n<form action=\"\/ar\/wp-json\/wp\/v2\/pages\/65#wpcf7-f4665-o1\" method=\"post\" class=\"wpcf7-form init\" aria-label=\"Contact form\" novalidate=\"novalidate\" data-status=\"init\" data-trp-original-action=\"\/ar\/wp-json\/wp\/v2\/pages\/65#wpcf7-f4665-o1\">\n<fieldset class=\"hidden-fields-container\"><input type=\"hidden\" name=\"_wpcf7\" value=\"4665\" \/><input type=\"hidden\" name=\"_wpcf7_version\" value=\"6.1.2\" \/><input type=\"hidden\" name=\"_wpcf7_locale\" value=\"en_US\" \/><input type=\"hidden\" name=\"_wpcf7_unit_tag\" value=\"wpcf7-f4665-o1\" \/><input type=\"hidden\" name=\"_wpcf7_container_post\" value=\"0\" \/><input type=\"hidden\" name=\"_wpcf7_posted_data_hash\" value=\"\" \/>\n<\/fieldset>\n<div class=\"row bizmax-form\">\n\t<div class=\"col-lg-6\">\n\t\t<div class=\"contact__form-input\">\n\t\t\t<p><span class=\"wpcf7-form-control-wrap\" data-name=\"your-name\"><input size=\"40\" maxlength=\"400\" class=\"wpcf7-form-control wpcf7-text wpcf7-validates-as-required\" aria-required=\"true\" aria-invalid=\"false\" placeholder=\"\u0627\u0644\u0623\u0633\u0645\" value=\"\" type=\"text\" name=\"your-name\" \/><\/span>\n\t\t\t<\/p>\n\t\t<\/div>\n\t<\/div>\n\t<div class=\"col-lg-6\">\n\t\t<div class=\"contact__form-input\">\n\t\t\t<p><span class=\"wpcf7-form-control-wrap\" data-name=\"your-email\"><input size=\"40\" maxlength=\"400\" class=\"wpcf7-form-control wpcf7-email wpcf7-validates-as-required wpcf7-text wpcf7-validates-as-email\" aria-required=\"true\" aria-invalid=\"false\" placeholder=\"\u0627\u0644\u0628\u0631\u064a\u062f \u0627\u0644\u0625\u0644\u0643\u062a\u0631\u0648\u0646\u064a\" value=\"\" type=\"email\" name=\"your-email\" \/><\/span>\n\t\t\t<\/p>\n\t\t<\/div>\n\t<\/div>\n\t<div class=\"col-lg-6\">\n\t\t<div class=\"contact__form-input\">\n\t\t\t<p><span class=\"wpcf7-form-control-wrap\" data-name=\"tel-371\"><input size=\"40\" maxlength=\"400\" class=\"wpcf7-form-control wpcf7-tel wpcf7-text wpcf7-validates-as-tel\" aria-invalid=\"false\" placeholder=\"\u0631\u0642\u0645 \u0627\u0644\u0647\u0627\u062a\u0641\" value=\"\" type=\"tel\" name=\"tel-371\" \/><\/span>\n\t\t\t<\/p>\n\t\t<\/div>\n\t<\/div>\n\t<div class=\"col-lg-6\">\n\t\t<div class=\"contact__form-input\">\n\t\t\t<p><span class=\"wpcf7-form-control-wrap\" data-name=\"your-name\"><input size=\"40\" maxlength=\"400\" class=\"wpcf7-form-control wpcf7-text wpcf7-validates-as-required\" aria-required=\"true\" aria-invalid=\"false\" placeholder=\"\u0645\u0648\u0636\u0648\u0639 \u0627\u0644\u0631\u0633\u0627\u0644\u0629\" value=\"\" type=\"text\" name=\"your-name\" \/><\/span>\n\t\t\t<\/p>\n\t\t<\/div>\n\t<\/div>\n\t<div class=\"col-12\">\n\t\t<div class=\"contact__form-input\">\n\t\t\t<p><span class=\"wpcf7-form-control-wrap\" data-name=\"your-message\"><textarea cols=\"40\" rows=\"10\" maxlength=\"2000\" class=\"wpcf7-form-control wpcf7-textarea\" aria-invalid=\"false\" placeholder=\"\u064a\u0631\u062c\u0649 \u0643\u062a\u0627\u0628\u0629 \u0645\u062d\u062a\u0648\u0649 \u0627\u0644\u0631\u0633\u0627\u0644\u0629 \u0647\u0646\u0627\" name=\"your-message\"><\/textarea><\/span>\n\t\t\t<\/p>\n\t\t<\/div>\n\t<\/div>\n\t<div class=\"col-12\">\n\t\t<p><button class=\"cs_btn cs_style_1 cs_fs_14 cs_rounded_5 cs_pl_30 cs_pr_30 cs_pt_10 cs_pb_10 overflow-hidden\"><span>\u0625\u0631\u0633\u0627\u0644 \u0627\u0644\u0631\u0633\u0627\u0644\u0629<\/span><\/button>\n\t\t<\/p>\n\t<\/div>\n<\/div><div class=\"wpcf7-response-output\" aria-hidden=\"true\"><\/div>\n<input type=\"hidden\" name=\"trp-form-language\" value=\"ar\"\/><\/form>\n<\/div>\n\r\n\t\t\t<\/div>\r\n\t\t<\/div>\t\t\t\t<\/div>\n\t\t\t\t<\/div>\n\t\t\t\t\t<\/div>\n\t\t<\/div>\n\t\t\t\t<div class=\"elementor-column elementor-col-50 elementor-top-column elementor-element elementor-element-6923a36\" data-id=\"6923a36\" data-element_type=\"column\">\n\t\t\t<div class=\"elementor-widget-wrap elementor-element-populated\">\n\t\t\t\t\t\t<div class=\"elementor-element elementor-element-5c1e6ee elementor-widget elementor-widget-bizmax-section-title\" data-id=\"5c1e6ee\" data-element_type=\"widget\" data-widget_type=\"bizmax-section-title.default\">\n\t\t\t\t<div class=\"elementor-widget-container\">\n\t\t\t\t\t\r\r\n\t\t\t<div class=\"cs_section_heading cs_style_1 d-flex align-items-center text-left\">\r\r\n                <div class=\"cs_section_heading_in\">\r\r\n                  <h3 class=\"cs_fs_20 cs_fs_lg_18 text-accent fw-normal cs_lh_base cs_mb_10 wow fadeInLeft\" data-wow-duration=\"0.8s\" data-wow-delay=\"0.2s\"  style=\"color:#18191d\">Contact With Us<\/h3>\r\r\n                  <h2 class=\"section-title-heading  cs_fs_48 cs_fs_lg_36 cs_mb_20\"  style=\"color:#18191d\">Let\u2019s Talk Now<\/h2>\r\r\n\t\t\t\t  <div class=\"cs_section_text m-0\" style=\"color:#666\"><p class=\"m-0\">\u0623\u062e\u0628\u0631\u0646\u0627 \u0639\u0646 \u0645\u0634\u0631\u0648\u0639\u0643 \u0623\u0648 \u0647\u062f\u0641\u0643 \u0627\u0644\u062a\u062c\u0627\u0631\u064a<\/p><\/div>\r\r\n                <\/div>\r\r\n            <\/div>\r\r\n\t\t\t\t\t\t\t<\/div>\n\t\t\t\t<\/div>\n\t\t\t\t<div class=\"elementor-element elementor-element-f3e26f7 elementor-widget elementor-widget-bizmax-contact-list\" data-id=\"f3e26f7\" data-element_type=\"widget\" data-widget_type=\"bizmax-contact-list.default\">\n\t\t\t\t<div class=\"elementor-widget-container\">\n\t\t\t\t\t\r\r\n\t\t\t\t<div class=\"bizmax-contact-list d-flex align-items-center cs_mb_30\">\r\r\n\t\t\t\t\t<div class=\"d-flex align-items-center justify-content-center cs_height_90 cs_width_90 cs_height_lg_80 cs_width_lg-80 cs_rounded_10 flex-none cs_mr_20 bg-accent\"><span><i class=\"fas fa-phone-alt\"><\/i><\/span>\r\r\n\t\t\t\t\t<\/div>\r\r\n\t\t\t\t\t<div>\r\r\n\t\t\t\t\t\t<p class=\"text-accent cs_mb_7\">\u0647\u0644 \u0644\u062f\u064a\u0643 \u0627\u0633\u062a\u0641\u0633\u0627\u0631\u061f<\/p>\r\r\n\t\t\t\t\t\t<h2 class=\"m-0 fw-medium cs_fs_22 cs_fs_lg_18 cs_lh_base\" style=\"color:#18191d\"><a href=\"tel:+97145527243\" style=\"color:#18191d\">+971 4 552 7243<\/a>\r\r\n\t\t\t\t\t\t<\/h2>\r\r\n\t\t\t\t\t<\/div>\r\r\n\t\t\t\t<\/div>\r\r\n\t\t\t\t<div class=\"bizmax-contact-list d-flex align-items-center cs_mb_30\">\r\r\n\t\t\t\t\t<div class=\"d-flex align-items-center justify-content-center cs_height_90 cs_width_90 cs_height_lg_80 cs_width_lg-80 cs_rounded_10 flex-none cs_mr_20 bg-accent\"><span><i class=\"fas fa-envelope\"><\/i><\/span>\r\r\n\t\t\t\t\t<\/div>\r\r\n\t\t\t\t\t<div>\r\r\n\t\t\t\t\t\t<p class=\"text-accent cs_mb_7\">\u062a\u0648\u0627\u0635\u0644 \u0639\u0628\u0631 \u0627\u0644\u0625\u064a\u0645\u064a\u0644<\/p>\r\r\n\t\t\t\t\t\t<h2 class=\"m-0 fw-medium cs_fs_22 cs_fs_lg_18 cs_lh_base\" style=\"color:#18191d\"><a href=\"mailto:info@arielinvest.ae\" style=\"color:#18191d\">info@arielinvest.ae<\/a>\r\r\n\t\t\t\t\t\t<\/h2>\r\r\n\t\t\t\t\t<\/div>\r\r\n\t\t\t\t<\/div>\r\r\n\t\t\t\t<div class=\"bizmax-contact-list d-flex align-items-center cs_mb_30\">\r\r\n\t\t\t\t\t<div class=\"d-flex align-items-center justify-content-center cs_height_90 cs_width_90 cs_height_lg_80 cs_width_lg-80 cs_rounded_10 flex-none cs_mr_20 bg-accent\"><span><i class=\"fas fa-map-marker-alt\"><\/i><\/span>\r\r\n\t\t\t\t\t<\/div>\r\r\n\t\t\t\t\t<div>\r\r\n\t\t\t\t\t\t<p class=\"text-accent cs_mb_7\">Dubai Address<\/p>\r\r\n\t\t\t\t\t\t<h2 class=\"m-0 fw-medium cs_fs_22 cs_fs_lg_18 cs_lh_base\" style=\"color:#18191d\"><a href=\"\" style=\"color:#18191d\">Boulevard Plaza Tower 2 Offices 1001 & 1002 Downtown Dubai UAE<\/a>\r\r\n\t\t\t\t\t\t<\/h2>\r\r\n\t\t\t\t\t<\/div>\r\r\n\t\t\t\t<\/div>\r\r\n\t\t\t\t<div class=\"bizmax-contact-list d-flex align-items-center cs_mb_30\">\r\r\n\t\t\t\t\t<div class=\"d-flex align-items-center justify-content-center cs_height_90 cs_width_90 cs_height_lg_80 cs_width_lg-80 cs_rounded_10 flex-none cs_mr_20 bg-accent\"><span><i class=\"fas fa-map-marker-alt\"><\/i><\/span>\r\r\n\t\t\t\t\t<\/div>\r\r\n\t\t\t\t\t<div>\r\r\n\t\t\t\t\t\t<p class=\"text-accent cs_mb_7\">Turkey Address<\/p>\r\r\n\t\t\t\t\t\t<h2 class=\"m-0 fw-medium cs_fs_22 cs_fs_lg_18 cs_lh_base\" style=\"color:#18191d\"><a href=\"\" style=\"color:#18191d\">D\u00fcnya Ticaret Mrk. A1 Blok Kat:12 No:394, 34149 Bak\u0131rk\u00f6y\/\u0130stanbul<\/a>\r\r\n\t\t\t\t\t\t<\/h2>\r\r\n\t\t\t\t\t<\/div>\r\r\n\t\t\t\t<\/div>\t\t\t\t<\/div>\n\t\t\t\t<\/div>\n\t\t\t\t\t<\/div>\n\t\t<\/div>\n\t\t\t\t\t<\/div>\n\t\t<\/section>\n\t\t\t\t<section class=\"elementor-section elementor-top-section elementor-element elementor-element-602504f elementor-section-stretched contact-maps-tab elementor-section-boxed elementor-section-height-default elementor-section-height-default\" data-id=\"602504f\" data-element_type=\"section\" data-settings=\"{&quot;stretch_section&quot;:&quot;section-stretched&quot;}\">\n\t\t\t\t\t\t<div class=\"elementor-container elementor-column-gap-default\">\n\t\t\t\t\t<div class=\"elementor-column elementor-col-100 elementor-top-column elementor-element elementor-element-ab90fbb contact-us-form\" data-id=\"ab90fbb\" data-element_type=\"column\">\n\t\t\t<div class=\"elementor-widget-wrap elementor-element-populated\">\n\t\t\t\t\t\t<div class=\"elementor-element elementor-element-4d2a6d0 e-n-tabs-mobile elementor-widget elementor-widget-n-tabs\" data-id=\"4d2a6d0\" data-element_type=\"widget\" data-settings=\"{&quot;tabs_justify_horizontal&quot;:&quot;stretch&quot;,&quot;horizontal_scroll&quot;:&quot;disable&quot;}\" data-widget_type=\"nested-tabs.default\">\n\t\t\t\t\t\t\t<div class=\"e-n-tabs\" data-widget-number=\"80914128\" aria-label=\"Tabs. Open items with Enter or Space, close with Escape and navigate using the Arrow keys.\">\n\t\t\t<div class=\"e-n-tabs-heading\" role=\"tablist\">\n\t\t\t\t\t<button id=\"e-n-tab-title-809141281\" data-tab-title-id=\"e-n-tab-title-809141281\" class=\"e-n-tab-title\" aria-selected=\"true\" data-tab-index=\"1\" role=\"tab\" tabindex=\"0\" aria-controls=\"e-n-tab-content-809141281\" style=\"--n-tabs-title-order: 1;\">\n\t\t\t\t\t\t<span class=\"e-n-tab-title-text\">\n\t\t\t\t<span class=\"location-tab-city\">Dubai<\/span><span>Boulevard Plaza Downtown Dubai UAE<\/span>\t\t\t<\/span>\n\t\t<\/button>\n\t\t\t\t<button id=\"e-n-tab-title-809141282\" data-tab-title-id=\"e-n-tab-title-809141282\" class=\"e-n-tab-title\" aria-selected=\"false\" data-tab-index=\"2\" role=\"tab\" tabindex=\"-1\" aria-controls=\"e-n-tab-content-809141282\" style=\"--n-tabs-title-order: 2;\">\n\t\t\t\t\t\t<span class=\"e-n-tab-title-text\">\n\t\t\t\t<span class=\"location-tab-city\">Turkey<\/span><span>D\u00fcnya Ticaret Mrk. Bak\u0131rk\u00f6y\/\u0130stanbul<\/span>\t\t\t<\/span>\n\t\t<\/button>\n\t\t\t\t\t<\/div>\n\t\t\t<div class=\"e-n-tabs-content\">\n\t\t\t\t<div id=\"e-n-tab-content-809141281\" role=\"tabpanel\" aria-labelledby=\"e-n-tab-title-809141281\" data-tab-index=\"1\" style=\"--n-tabs-title-order: 1;\" class=\"e-active elementor-element elementor-element-1966d39 e-con-full e-flex e-con e-child\" data-id=\"1966d39\" data-element_type=\"container\">\n\t\t\t\t<div class=\"elementor-element elementor-element-3fd8fb5 elementor-widget elementor-widget-google_maps\" data-id=\"3fd8fb5\" data-element_type=\"widget\" data-widget_type=\"google_maps.default\">\n\t\t\t\t\t\t\t<div class=\"elementor-custom-embed\">\n\t\t\t<iframe loading=\"lazy\"\n\t\t\t\t\tsrc=\"https:\/\/maps.google.com\/maps?q=Ariel%20International%20Trading%20and%20Consultancy%20%E2%80%93%20FZCO&#038;t=m&#038;z=15&#038;output=embed&#038;iwloc=near\"\n\t\t\t\t\ttitle=\"Ariel International Trading and Consultancy \u2013 FZCO\"\n\t\t\t\t\taria-label=\"Ariel International Trading and Consultancy \u2013 FZCO\"\n\t\t\t><\/iframe>\n\t\t<\/div>\n\t\t\t\t\t\t<\/div>\n\t\t\t\t<\/div>\n\t\t<div id=\"e-n-tab-content-809141282\" role=\"tabpanel\" aria-labelledby=\"e-n-tab-title-809141282\" data-tab-index=\"2\" style=\"--n-tabs-title-order: 2;\" class=\"elementor-element elementor-element-9126358 e-con-full e-flex e-con e-child\" data-id=\"9126358\" data-element_type=\"container\" data-settings=\"{&quot;background_background&quot;:&quot;classic&quot;}\">\n\t\t\t\t<div class=\"elementor-element elementor-element-3c36916 elementor-widget elementor-widget-google_maps\" data-id=\"3c36916\" data-element_type=\"widget\" data-widget_type=\"google_maps.default\">\n\t\t\t\t\t\t\t<div class=\"elementor-custom-embed\">\n\t\t\t<iframe loading=\"lazy\"\n\t\t\t\t\tsrc=\"https:\/\/maps.google.com\/maps?q=D%C3%BCnya%20Ticaret%20Merkezi.&#038;t=m&#038;z=15&#038;output=embed&#038;iwloc=near\"\n\t\t\t\t\ttitle=\"D\u00fcnya Ticaret Merkezi.\"\n\t\t\t\t\taria-label=\"D\u00fcnya Ticaret Merkezi.\"\n\t\t\t><\/iframe>\n\t\t<\/div>\n\t\t\t\t\t\t<\/div>\n\t\t\t\t<\/div>\n\t\t\t\t\t<\/div>\n\t\t<\/div>\n\t\t\t\t\t\t<\/div>\n\t\t\t\t\t<\/div>\n\t\t<\/div>\n\t\t\t\t\t<\/div>\n\t\t<\/section>\n\t\t\t\t<section class=\"elementor-section elementor-top-section elementor-element elementor-element-2ff6c9c elementor-section-full_width elementor-section-stretched elementor-hidden-desktop elementor-hidden-tablet elementor-hidden-mobile elementor-section-height-default elementor-section-height-default\" data-id=\"2ff6c9c\" data-element_type=\"section\" data-settings=\"{&quot;stretch_section&quot;:&quot;section-stretched&quot;}\">\n\t\t\t\t\t\t<div class=\"elementor-container elementor-column-gap-default\">\n\t\t\t\t\t<div class=\"elementor-column elementor-col-100 elementor-top-column elementor-element elementor-element-8b3ef6e\" data-id=\"8b3ef6e\" data-element_type=\"column\">\n\t\t\t<div class=\"elementor-widget-wrap elementor-element-populated\">\n\t\t\t\t\t\t<div class=\"elementor-element elementor-element-927e367 elementor-widget elementor-widget-google_maps\" data-id=\"927e367\" data-element_type=\"widget\" data-widget_type=\"google_maps.default\">\n\t\t\t\t\t\t\t<div class=\"elementor-custom-embed\">\n\t\t\t<iframe loading=\"lazy\"\n\t\t\t\t\tsrc=\"https:\/\/maps.google.com\/maps?q=Ariel%20International%20Trading%20and%20Consultancy%20%E2%80%93%20FZCO&#038;t=m&#038;z=15&#038;output=embed&#038;iwloc=near\"\n\t\t\t\t\ttitle=\"Ariel International Trading and Consultancy \u2013 FZCO\"\n\t\t\t\t\taria-label=\"Ariel International Trading and Consultancy \u2013 FZCO\"\n\t\t\t><\/iframe>\n\t\t<\/div>\n\t\t\t\t\t\t<\/div>\n\t\t\t\t\t<\/div>\n\t\t<\/div>\n\t\t\t\t\t<\/div>\n\t\t<\/section>\n\t\t\t\t<\/div>","protected":false},"excerpt":{"rendered":"<p>Have any question? Write a Message Send A Message Contact With Us Let\u2019s Talk Now Tell us about your project or trading goal. Have Any Question? +971 4 552 7243 Send Email info@arielinvest.ae Dubai Address Boulevard Plaza Tower 2 Offices 1001 &#038; 1002 Downtown Dubai UAE Turkey Address D\u00fcnya Ticaret Mrk. A1 Blok Kat:12 No:394, [&hellip;]<\/p>","protected":false},"author":1,"featured_media":0,"parent":0,"menu_order":0,"comment_status":"closed","ping_status":"closed","template":"","meta":{"inline_featured_image":false,"footnotes":""},"class_list":["post-65","page","type-page","status-publish","hentry"],"aioseo_notices":[],"_hostinger_reach_plugin_has_subscription_block":false,"_hostinger_reach_plugin_is_elementor":false,"_links":{"self":[{"href":"https:\/\/arial.yellowpoint-ad.com\/ar\/wp-json\/wp\/v2\/pages\/65","targetHints":{"allow":["GET"]}}],"collection":[{"href":"https:\/\/arial.yellowpoint-ad.com\/ar\/wp-json\/wp\/v2\/pages"}],"about":[{"href":"https:\/\/arial.yellowpoint-ad.com\/ar\/wp-json\/wp\/v2\/types\/page"}],"author":[{"embeddable":true,"href":"https:\/\/arial.yellowpoint-ad.com\/ar\/wp-json\/wp\/v2\/users\/1"}],"replies":[{"embeddable":true,"href":"https:\/\/arial.yellowpoint-ad.com\/ar\/wp-json\/wp\/v2\/comments?post=65"}],"version-history":[{"count":49,"href":"https:\/\/arial.yellowpoint-ad.com\/ar\/wp-json\/wp\/v2\/pages\/65\/revisions"}],"predecessor-version":[{"id":8085,"href":"https:\/\/arial.yellowpoint-ad.com\/ar\/wp-json\/wp\/v2\/pages\/65\/revisions\/8085"}],"wp:attachment":[{"href":"https:\/\/arial.yellowpoint-ad.com\/ar\/wp-json\/wp\/v2\/media?parent=65"}],"curies":[{"name":"wp","href":"https:\/\/api.w.org\/{rel}","templated":true}]}}